{"id":29,"date":"2019-04-17T13:18:58","date_gmt":"2019-04-17T11:18:58","guid":{"rendered":"https:\/\/konkurs-michalowice.sarp.warszawa.pl\/?page_id=29"},"modified":"2019-04-19T16:46:05","modified_gmt":"2019-04-19T14:46:05","slug":"sad-konkursowy","status":"publish","type":"page","link":"https:\/\/konkurs-michalowice.sarp.warszawa.pl\/index.php\/sad-konkursowy\/","title":{"rendered":"S\u0105d konkursowy"},"content":{"rendered":"\n<p>S\u0105d Konkursowy sk\u0142ada si\u0119 z dziewi\u0119ciu os\u00f3b.  <br><br>W sk\u0142ad S\u0105du Konkursowego wchodz\u0105: <br><br>Przewodnicz\u0105cy: <br><strong>arch. Grzegorz Stiasny <\/strong>&#8211; S\u0119dzia Konkursowy SARP <br><br>S\u0119dzia referent:  <br><strong>arch. Maciej Kowalczyk <\/strong>&#8211; S\u0119dzia Konkursowy SARP <br><br>Cz\u0142onkowie: <br><strong>arch. Gawe\u0142 Tyra\u0142a<\/strong> \u2013 Asystent S\u0119dziego referenta, OW SARP (bez prawa g\u0142osu) <br><strong>arch. Szczepan Wro\u0144ski <\/strong>&#8211; S\u0119dzia Konkursowy SARP <br><strong>arch. Dorota Bagi\u0144ska<\/strong> \u2013 architekt, S\u0119dzia ze strony Zamawiaj\u0105cego\u00a0<br><strong>Ma\u0142gorzata Pachecka<\/strong> &#8211; W\u00f3jt Gminy Micha\u0142owice, S\u0119dzia ze strony Zamawiaj\u0105cego<br><strong>Renata Bontron<\/strong> &#8211; S\u0119dzia ze strony Zamawiaj\u0105cego<br><strong>S\u0142awomir Rymuza<\/strong> &#8211; S\u0119dzia ze strony Zamawiaj\u0105cego<br><strong>Tomasz \u0141ozi\u0144ski<\/strong> &#8211; S\u0119dzia ze strony Zamawiaj\u0105cego<br><\/p>\n","protected":false},"excerpt":{"rendered":"<p>S\u0105d Konkursowy sk\u0142ada si\u0119 z dziewi\u0119ciu os\u00f3b. W sk\u0142ad S\u0105du Konkursowego wchodz\u0105: Przewodnicz\u0105cy: arch. Grzegorz Stiasny &#8211; S\u0119dzia Konkursowy SARP S\u0119dzia referent: arch. Maciej Kowalczyk &#8211; S\u0119dzia Konkursowy SARP Cz\u0142onkowie: arch. Gawe\u0142 Tyra\u0142a \u2013 Asystent S\u0119dziego referenta, OW SARP (bez<span class=\"ellipsis\">&hellip;<\/span><\/p>\n<div class=\"read-more\"><a href=\"https:\/\/konkurs-michalowice.sarp.warszawa.pl\/index.php\/sad-konkursowy\/\">Czytaj wi\u0119cej <span class=\"screen-reader-text\">S\u0105d konkursowy<\/span><span class=\"meta-nav\"> &#8250;<\/span><\/a><\/div>\n<p><!-- end of .read-more --><\/p>\n","protected":false},"author":1,"featured_media":0,"parent":0,"menu_order":0,"comment_status":"closed","ping_status":"closed","template":"","meta":[],"_links":{"self":[{"href":"https:\/\/konkurs-michalowice.sarp.warszawa.pl\/index.php\/wp-json\/wp\/v2\/pages\/29"}],"collection":[{"href":"https:\/\/konkurs-michalowice.sarp.warszawa.pl\/index.php\/wp-json\/wp\/v2\/pages"}],"about":[{"href":"https:\/\/konkurs-michalowice.sarp.warszawa.pl\/index.php\/wp-json\/wp\/v2\/types\/page"}],"author":[{"embeddable":true,"href":"https:\/\/konkurs-michalowice.sarp.warszawa.pl\/index.php\/wp-json\/wp\/v2\/users\/1"}],"replies":[{"embeddable":true,"href":"https:\/\/konkurs-michalowice.sarp.warszawa.pl\/index.php\/wp-json\/wp\/v2\/comments?post=29"}],"version-history":[{"count":7,"href":"https:\/\/konkurs-michalowice.sarp.warszawa.pl\/index.php\/wp-json\/wp\/v2\/pages\/29\/revisions"}],"predecessor-version":[{"id":138,"href":"https:\/\/konkurs-michalowice.sarp.warszawa.pl\/index.php\/wp-json\/wp\/v2\/pages\/29\/revisions\/138"}],"wp:attachment":[{"href":"https:\/\/konkurs-michalowice.sarp.warszawa.pl\/index.php\/wp-json\/wp\/v2\/media?parent=29"}],"curies":[{"name":"wp","href":"https:\/\/api.w.org\/{rel}","templated":true}]}}