{"id":23,"date":"2019-04-17T13:17:59","date_gmt":"2019-04-17T11:17:59","guid":{"rendered":"https:\/\/konkurs-michalowice.sarp.warszawa.pl\/?page_id=23"},"modified":"2019-04-19T10:04:54","modified_gmt":"2019-04-19T08:04:54","slug":"nagrody","status":"publish","type":"page","link":"https:\/\/konkurs-michalowice.sarp.warszawa.pl\/index.php\/nagrody\/","title":{"rendered":"Nagrody"},"content":{"rendered":"\n<p>W konkursie Organizator przewiduje przyznanie Nagr\u00f3d jak nast\u0119puje: <br><br>1. Nagrody pieni\u0119\u017cne <br><br>I NAGRODA <br>&#8211; kwota pieni\u0119\u017cna w wysoko\u015bci 45 000 z\u0142 netto  <br><br>II NAGRODA <br>&#8211; kwota pieni\u0119\u017cna w wysoko\u015bci 35 000 z\u0142 netto<br><br>III NAGRODA\u00a0 <br>&#8211; kwota pieni\u0119\u017cna w wysoko\u015bci 25 000 z\u0142 netto <br><br>2. Nagroda w postaci zaproszenia do negocjacji w trybie zam\u00f3wienia z wolnej r\u0119ki na szczeg\u00f3\u0142owe opracowanie pracy konkursowej dla jednego Uczestnika Konkursu kt\u00f3ry otrzyma\u0142 I Nagrod\u0119 lub Nagrody w postaci zaproszenia do negocjacji w trybie negocjacji bez og\u0142oszenia na szczeg\u00f3\u0142owe opracowanie pracy konkursowej dla dw\u00f3ch Uczestnik\u00f3w konkursu, kt\u00f3rzy otrzymali dwie r\u00f3wnorz\u0119dne najwy\u017csze Nagrody. <br><br>3. Organizator przewiduje przyznanie dw\u00f3ch dodatkowych Nagr\u00f3d pieni\u0119\u017cnych w formie wyr\u00f3\u017cnie\u0144, po 15 000 z\u0142 netto dla ka\u017cdej wyr\u00f3\u017cnionej pracy konkursowej.<\/p>\n","protected":false},"excerpt":{"rendered":"<p>W konkursie Organizator przewiduje przyznanie Nagr\u00f3d jak nast\u0119puje: 1. Nagrody pieni\u0119\u017cne I NAGRODA &#8211; kwota pieni\u0119\u017cna w wysoko\u015bci 45 000 z\u0142 netto II NAGRODA &#8211; kwota pieni\u0119\u017cna w wysoko\u015bci 35 000 z\u0142 netto III NAGRODA\u00a0 &#8211; kwota pieni\u0119\u017cna w wysoko\u015bci<span class=\"ellipsis\">&hellip;<\/span><\/p>\n<div class=\"read-more\"><a href=\"https:\/\/konkurs-michalowice.sarp.warszawa.pl\/index.php\/nagrody\/\">Czytaj wi\u0119cej <span class=\"screen-reader-text\">Nagrody<\/span><span class=\"meta-nav\"> &#8250;<\/span><\/a><\/div>\n<p><!-- end of .read-more --><\/p>\n","protected":false},"author":1,"featured_media":0,"parent":0,"menu_order":0,"comment_status":"closed","ping_status":"closed","template":"","meta":[],"_links":{"self":[{"href":"https:\/\/konkurs-michalowice.sarp.warszawa.pl\/index.php\/wp-json\/wp\/v2\/pages\/23"}],"collection":[{"href":"https:\/\/konkurs-michalowice.sarp.warszawa.pl\/index.php\/wp-json\/wp\/v2\/pages"}],"about":[{"href":"https:\/\/konkurs-michalowice.sarp.warszawa.pl\/index.php\/wp-json\/wp\/v2\/types\/page"}],"author":[{"embeddable":true,"href":"https:\/\/konkurs-michalowice.sarp.warszawa.pl\/index.php\/wp-json\/wp\/v2\/users\/1"}],"replies":[{"embeddable":true,"href":"https:\/\/konkurs-michalowice.sarp.warszawa.pl\/index.php\/wp-json\/wp\/v2\/comments?post=23"}],"version-history":[{"count":2,"href":"https:\/\/konkurs-michalowice.sarp.warszawa.pl\/index.php\/wp-json\/wp\/v2\/pages\/23\/revisions"}],"predecessor-version":[{"id":104,"href":"https:\/\/konkurs-michalowice.sarp.warszawa.pl\/index.php\/wp-json\/wp\/v2\/pages\/23\/revisions\/104"}],"wp:attachment":[{"href":"https:\/\/konkurs-michalowice.sarp.warszawa.pl\/index.php\/wp-json\/wp\/v2\/media?parent=23"}],"curies":[{"name":"wp","href":"https:\/\/api.w.org\/{rel}","templated":true}]}}