{"id":21,"date":"2019-04-17T13:17:41","date_gmt":"2019-04-17T11:17:41","guid":{"rendered":"https:\/\/konkurs-michalowice.sarp.warszawa.pl\/?page_id=21"},"modified":"2019-04-19T09:53:36","modified_gmt":"2019-04-19T07:53:36","slug":"o-konkursie","status":"publish","type":"page","link":"https:\/\/konkurs-michalowice.sarp.warszawa.pl\/index.php\/o-konkursie\/","title":{"rendered":"O konkursie"},"content":{"rendered":"\n<p><strong>Gmina Micha\u0142owice oraz Oddzia\u0142 Warszawski Stowarzyszenia Architekt\u00f3w Polskich zapraszaj\u0105 do udzia\u0142u w dwuetapowym konkursie studialno-realizacyjnym na koncepcj\u0119 urbanistyczno \u2013 architektoniczn\u0105 zagospodarowania teren\u00f3w przy Urz\u0119dzie Gminy Micha\u0142owice w Regu\u0142ach ze szczeg\u00f3lnym uwzgl\u0119dnieniem kampusu edukacyjnego oraz koncepcj\u0119 architektoniczn\u0105 energoefektywnego budynku przedszkola. <\/strong><br><br>Konkurs jest konkursem studialno-realizacyjnym (tj. na podstawie, kt\u00f3rego zostanie wykonana dokumentacja projektowa, stanowi\u0105ca podstaw\u0119 do realizacji Inwestycji) i dwuetapowym. Zakres opracowania konkursowego zosta\u0142 opisany w Rozdziale II, pkt. 2. Regulaminu. Uczestnicy konkursu sk\u0142adaj\u0105 wnioski o dopuszczenie do udzia\u0142u w konkursie. Organizator dopuszcza do udzia\u0142u w Konkursie i zaprasza do sk\u0142adania opracowa\u0144 studialnych Etapu I (Etap I konkursu) Uczestnik\u00f3w konkursu spe\u0142niaj\u0105cych wymagania okre\u015blone w Regulaminie. Po wyborze w Etapie I przez S\u0105d konkursowy nie wi\u0119cej ni\u017c pi\u0119\u0107 (5) najlepszych opracowa\u0144 studialnych, Uczestnicy konkursu, kt\u00f3rych opracowania studialne wybrano zostaj\u0105 dopuszczeni do dalszego udzia\u0142u w Konkursie i zaproszeni do sk\u0142adania prac konkursowych Etapu II (Etap II konkursu). <br><br>Zadaniem konkursu jest wy\u0142onienie, poprzez weryfikacj\u0119 i ocen\u0119 zgodnie z zasadami Regulaminu nie wi\u0119cej ni\u017c pi\u0119ciu opracowa\u0144 studialnych \u2013 projekt\u00f3w zagospodarowania teren\u00f3w przy Urz\u0119dzie Gminy Micha\u0142owice w Regu\u0142ach, kt\u00f3re mog\u0105 zosta\u0107 wykorzystane przy formu\u0142owaniu wytycznych do zmiany MPZP, oraz najlepszej pracy konkursowej\/najlepszych prac konkursowych przedstawiaj\u0105cych sp\u00f3jn\u0105 koncepcj\u0119  obiektu przedszkola w Regu\u0142ach. Uczestnik konkursu, kt\u00f3rego prac\u0119 S\u0105d Konkursowy uzna za najlepsz\u0105, zostanie zaproszony do negocjacji w trybie zam\u00f3wienia z wolnej r\u0119ki lub Uczestnicy konkursu kt\u00f3rych prace zostan\u0105 uznane za najlepsze zostan\u0105 zaproszeni do negocjacji w trybie negocjacji bez og\u0142oszenia.  Przedmiotem negocjacji b\u0119dzie uszczeg\u00f3\u0142owienie pracy konkursowej polegaj\u0105ce na opracowaniu Dokumentacji projektowej przedszkola wraz z zagospodarowaniem w tym infrastruktur\u0105 techniczn\u0105 i komunikacyjn\u0105.\u00a0<br><br><strong>Cze\u015b\u0107 studialna (Etap I konkursu): <\/strong><br>W Etapie I konkursu Uczestnik musi przedstawi\u0107 opracowanie studialne w zakresie oznaczonym w Za\u0142\u0105czniku nr 10b do Regulaminu.  Jednym z g\u0142\u00f3wnych zada\u0144 Uczestnika konkursu jest zaproponowanie w opracowaniu konkursowym funkcji i sposob\u00f3w u\u017cytkowania terenu ( oznaczonego na mapie kolorem czerwonym), oraz rozplanowanie w jego obszarze obiekt\u00f3w okre\u015blonych w Wytycznych dla Etapu I, ze szczeg\u00f3lnym uwzgl\u0119dnieniem programu funkcjonalno-u\u017cytkowego dla obiekt\u00f3w kampusu edukacyjnego (na terenie oznaczonym na mapie kolorem zielonym).\u00a0<br><strong><br>Cze\u015b\u0107 realizacyjna (Etap II konkursu): <\/strong><br>W Etapie II konkursu Uczestnik musi przedstawi\u0107: &#8211; szczeg\u00f3\u0142ow\u0105 koncepcj\u0119 architektoniczn\u0105 obiektu przedszkola (budynek i teren ),   wraz z innymi, towarzysz\u0105cymi mu elementami zagospodarowania oraz obs\u0142ug\u0105 komunikacyjn\u0105, &#8211; koncepcj\u0119 rozwi\u0105za\u0144 energoefektywnych i proekologicznych dla budynku przedszkola. Granice Etapu II wyznacza\u0142a b\u0119dzie lokalizacja obiektu przedszkola, wskazana przez Uczestnika konkursu w Etapie I<\/p>\n","protected":false},"excerpt":{"rendered":"<p>Gmina Micha\u0142owice oraz Oddzia\u0142 Warszawski Stowarzyszenia Architekt\u00f3w Polskich zapraszaj\u0105 do udzia\u0142u w dwuetapowym konkursie studialno-realizacyjnym na koncepcj\u0119 urbanistyczno \u2013 architektoniczn\u0105 zagospodarowania teren\u00f3w przy Urz\u0119dzie Gminy Micha\u0142owice w Regu\u0142ach ze szczeg\u00f3lnym uwzgl\u0119dnieniem kampusu edukacyjnego oraz koncepcj\u0119 architektoniczn\u0105 energoefektywnego budynku przedszkola. Konkurs<span class=\"ellipsis\">&hellip;<\/span><\/p>\n<div class=\"read-more\"><a href=\"https:\/\/konkurs-michalowice.sarp.warszawa.pl\/index.php\/o-konkursie\/\">Czytaj wi\u0119cej <span class=\"screen-reader-text\">O konkursie<\/span><span class=\"meta-nav\"> &#8250;<\/span><\/a><\/div>\n<p><!-- end of .read-more --><\/p>\n","protected":false},"author":1,"featured_media":0,"parent":0,"menu_order":0,"comment_status":"closed","ping_status":"closed","template":"","meta":[],"_links":{"self":[{"href":"https:\/\/konkurs-michalowice.sarp.warszawa.pl\/index.php\/wp-json\/wp\/v2\/pages\/21"}],"collection":[{"href":"https:\/\/konkurs-michalowice.sarp.warszawa.pl\/index.php\/wp-json\/wp\/v2\/pages"}],"about":[{"href":"https:\/\/konkurs-michalowice.sarp.warszawa.pl\/index.php\/wp-json\/wp\/v2\/types\/page"}],"author":[{"embeddable":true,"href":"https:\/\/konkurs-michalowice.sarp.warszawa.pl\/index.php\/wp-json\/wp\/v2\/users\/1"}],"replies":[{"embeddable":true,"href":"https:\/\/konkurs-michalowice.sarp.warszawa.pl\/index.php\/wp-json\/wp\/v2\/comments?post=21"}],"version-history":[{"count":5,"href":"https:\/\/konkurs-michalowice.sarp.warszawa.pl\/index.php\/wp-json\/wp\/v2\/pages\/21\/revisions"}],"predecessor-version":[{"id":97,"href":"https:\/\/konkurs-michalowice.sarp.warszawa.pl\/index.php\/wp-json\/wp\/v2\/pages\/21\/revisions\/97"}],"wp:attachment":[{"href":"https:\/\/konkurs-michalowice.sarp.warszawa.pl\/index.php\/wp-json\/wp\/v2\/media?parent=21"}],"curies":[{"name":"wp","href":"https:\/\/api.w.org\/{rel}","templated":true}]}}