{"id":19,"date":"2019-04-17T13:17:05","date_gmt":"2019-04-17T11:17:05","guid":{"rendered":"https:\/\/konkurs-michalowice.sarp.warszawa.pl\/?page_id=19"},"modified":"2019-04-19T10:02:14","modified_gmt":"2019-04-19T08:02:14","slug":"kryteria-oceny","status":"publish","type":"page","link":"https:\/\/konkurs-michalowice.sarp.warszawa.pl\/index.php\/kryteria-oceny\/","title":{"rendered":"Kryteria oceny"},"content":{"rendered":"\n<p><strong>KRYTERIA OCENY OPRACOWA\u0143 STUDIALNYCH <\/strong><br><br>Opracowania studialne oceniane b\u0119d\u0105 wed\u0142ug nast\u0119puj\u0105cych r\u00f3wnowa\u017cnych w swojej kategorii kryteri\u00f3w: <br><br>a) Atrakcyjno\u015b\u0107 proponowanych rozwi\u0105za\u0144 urbanistyczno-architektonicznych w kontek\u015bcie zmian w stosunku do MPZP. <br>b) Realno\u015b\u0107, trafno\u015b\u0107 i sprawno\u015b\u0107 proponowanych rozwi\u0105za\u0144 urbanistyczno-architektonicznych w kontek\u015bcie obiekt\u00f3w i przestrzeni publicznych\/spo\u0142ecznych. <br>c) Sprawno\u015b\u0107 funkcjonalno-u\u017cytkowa budynku przedszkola. <br>d) Trafno\u015b\u0107 lokalizacyjna przedszkola w kontek\u015bcie istniej\u0105cego i planowanego zagospodarowania oraz zgodno\u015bci z MPZP. <br>e) Trafno\u015b\u0107 zaproponowanych rozwi\u0105za\u0144 energoefektywnych i proekologicznych w budynku przedszkola. <br><br><br><strong>KRYTERIA OCENY PRAC KONKURSOWYCH<\/strong><br> <br>Prace konkursowe oceniane b\u0119d\u0105 wed\u0142ug nast\u0119puj\u0105cych r\u00f3wnowa\u017cnych w swojej kategorii kryteri\u00f3w: <br><br><strong>a) Atrakcyjno\u015b\u0107 rozwi\u0105za\u0144 architektonicznych przedszkola i zagospodarowania terenu. <br>b) Rozwi\u0105zania funkcjonalne i przestrzenne budynku przedszkola oraz zagospodarowania terenu. <br>c) Trafno\u015b\u0107 przyj\u0119tych rozwi\u0105za\u0144 energoefektywnych i proekologicznych budynku i zagospodarowania. <br>d) Realno\u015b\u0107 i ekonomika przyj\u0119tych rozwi\u0105za\u0144, szczeg\u00f3lnie w kontek\u015bcie koszt\u00f3w u\u017cytkowania. <\/strong><\/p>\n","protected":false},"excerpt":{"rendered":"<p>KRYTERIA OCENY OPRACOWA\u0143 STUDIALNYCH Opracowania studialne oceniane b\u0119d\u0105 wed\u0142ug nast\u0119puj\u0105cych r\u00f3wnowa\u017cnych w swojej kategorii kryteri\u00f3w: a) Atrakcyjno\u015b\u0107 proponowanych rozwi\u0105za\u0144 urbanistyczno-architektonicznych w kontek\u015bcie zmian w stosunku do MPZP. b) Realno\u015b\u0107, trafno\u015b\u0107 i sprawno\u015b\u0107 proponowanych rozwi\u0105za\u0144 urbanistyczno-architektonicznych w kontek\u015bcie obiekt\u00f3w i przestrzeni<span class=\"ellipsis\">&hellip;<\/span><\/p>\n<div class=\"read-more\"><a href=\"https:\/\/konkurs-michalowice.sarp.warszawa.pl\/index.php\/kryteria-oceny\/\">Czytaj wi\u0119cej <span class=\"screen-reader-text\">Kryteria oceny<\/span><span class=\"meta-nav\"> &#8250;<\/span><\/a><\/div>\n<p><!-- end of .read-more --><\/p>\n","protected":false},"author":1,"featured_media":0,"parent":0,"menu_order":0,"comment_status":"closed","ping_status":"closed","template":"","meta":[],"_links":{"self":[{"href":"https:\/\/konkurs-michalowice.sarp.warszawa.pl\/index.php\/wp-json\/wp\/v2\/pages\/19"}],"collection":[{"href":"https:\/\/konkurs-michalowice.sarp.warszawa.pl\/index.php\/wp-json\/wp\/v2\/pages"}],"about":[{"href":"https:\/\/konkurs-michalowice.sarp.warszawa.pl\/index.php\/wp-json\/wp\/v2\/types\/page"}],"author":[{"embeddable":true,"href":"https:\/\/konkurs-michalowice.sarp.warszawa.pl\/index.php\/wp-json\/wp\/v2\/users\/1"}],"replies":[{"embeddable":true,"href":"https:\/\/konkurs-michalowice.sarp.warszawa.pl\/index.php\/wp-json\/wp\/v2\/comments?post=19"}],"version-history":[{"count":7,"href":"https:\/\/konkurs-michalowice.sarp.warszawa.pl\/index.php\/wp-json\/wp\/v2\/pages\/19\/revisions"}],"predecessor-version":[{"id":103,"href":"https:\/\/konkurs-michalowice.sarp.warszawa.pl\/index.php\/wp-json\/wp\/v2\/pages\/19\/revisions\/103"}],"wp:attachment":[{"href":"https:\/\/konkurs-michalowice.sarp.warszawa.pl\/index.php\/wp-json\/wp\/v2\/media?parent=19"}],"curies":[{"name":"wp","href":"https:\/\/api.w.org\/{rel}","templated":true}]}}