{"id":13,"date":"2019-04-17T13:14:58","date_gmt":"2019-04-17T11:14:58","guid":{"rendered":"https:\/\/konkurs-michalowice.sarp.warszawa.pl\/?page_id=13"},"modified":"2020-05-26T12:59:59","modified_gmt":"2020-05-26T10:59:59","slug":"kontakt","status":"publish","type":"page","link":"https:\/\/konkurs-michalowice.sarp.warszawa.pl\/index.php\/kontakt\/","title":{"rendered":"Kontakt"},"content":{"rendered":"\n<p class=\"has-medium-font-size\"><strong>Oddzia\u0142 Warszawski<br>Stowarzyszenia Architekt\u00f3w Polskich&nbsp;<\/strong><br> <\/p>\n\n\n\n<p>ul. Foksal 2 <br>00-366 Warszawa <br>(godziny pracy od 10.00 do 16.00)  <br><br>Sekretarz S\u0105du Konkursowego: arch. Kamil Miklaszewski  <br><br>Asystent Sekretarza S\u0105du Konkursowego: arch. kraj. Rafa\u0142 Mroczkowski  <br><br>Telefon:  +48  609 829 177  <br>Adres poczty elektronicznej (e-mail): <a href=\"http:\/\/konkurs-michalowice@sarp.warszawa.pl \">biuro@sarp.warszawa.pl <\/a><\/p>\n","protected":false},"excerpt":{"rendered":"<p>Oddzia\u0142 WarszawskiStowarzyszenia Architekt\u00f3w Polskich&nbsp; ul. Foksal 2 00-366 Warszawa (godziny pracy od 10.00 do 16.00) Sekretarz S\u0105du Konkursowego: arch. Kamil Miklaszewski Asystent Sekretarza S\u0105du Konkursowego: arch. kraj. Rafa\u0142 Mroczkowski Telefon: +48 609 829 177 Adres poczty elektronicznej (e-mail): biuro@sarp.warszawa.pl<\/p>\n","protected":false},"author":1,"featured_media":0,"parent":0,"menu_order":0,"comment_status":"closed","ping_status":"closed","template":"","meta":[],"_links":{"self":[{"href":"https:\/\/konkurs-michalowice.sarp.warszawa.pl\/index.php\/wp-json\/wp\/v2\/pages\/13"}],"collection":[{"href":"https:\/\/konkurs-michalowice.sarp.warszawa.pl\/index.php\/wp-json\/wp\/v2\/pages"}],"about":[{"href":"https:\/\/konkurs-michalowice.sarp.warszawa.pl\/index.php\/wp-json\/wp\/v2\/types\/page"}],"author":[{"embeddable":true,"href":"https:\/\/konkurs-michalowice.sarp.warszawa.pl\/index.php\/wp-json\/wp\/v2\/users\/1"}],"replies":[{"embeddable":true,"href":"https:\/\/konkurs-michalowice.sarp.warszawa.pl\/index.php\/wp-json\/wp\/v2\/comments?post=13"}],"version-history":[{"count":12,"href":"https:\/\/konkurs-michalowice.sarp.warszawa.pl\/index.php\/wp-json\/wp\/v2\/pages\/13\/revisions"}],"predecessor-version":[{"id":392,"href":"https:\/\/konkurs-michalowice.sarp.warszawa.pl\/index.php\/wp-json\/wp\/v2\/pages\/13\/revisions\/392"}],"wp:attachment":[{"href":"https:\/\/konkurs-michalowice.sarp.warszawa.pl\/index.php\/wp-json\/wp\/v2\/media?parent=13"}],"curies":[{"name":"wp","href":"https:\/\/api.w.org\/{rel}","templated":true}]}}