{"id":112,"date":"2019-04-19T10:53:12","date_gmt":"2019-04-19T08:53:12","guid":{"rendered":"https:\/\/konkurs-michalowice.sarp.warszawa.pl\/?page_id=112"},"modified":"2019-05-07T11:32:39","modified_gmt":"2019-05-07T09:32:39","slug":"pytania-i-odpowiedzi-2","status":"publish","type":"page","link":"https:\/\/konkurs-michalowice.sarp.warszawa.pl\/index.php\/pytania-i-odpowiedzi-2\/","title":{"rendered":"Pytania i odpowiedzi"},"content":{"rendered":"\n<p>Pytania o wyja\u015bnienie tre\u015bci Regulaminu dotycz\u0105ce sk\u0142adania wniosk\u00f3w o dopuszczenie do udzia\u0142u w Konkursie mo\u017cna przesy\u0142a\u0107 na adres poczty elektronicznej (e-mail): <br><strong>konkurs-michalowice@sarp.warszawa.pl <\/strong> <br>do dnia: 30.04.2019 r. do godz. 15.00 <br>Odpowiedzi na pytania zostan\u0105 udzielone nie p\u00f3\u017aniej ni\u017c do dnia 07.05.2019 r. <br><br>Uczestnicy Konkursu zakwalifikowani do udzia\u0142u w Konkursie na podstawie wniosk\u00f3w o dopuszczenie mog\u0105 sk\u0142ada\u0107 pytania o wyja\u015bnienie tre\u015bci Regulaminu dotycz\u0105ce opracowania i sk\u0142adania opracowa\u0144 studialnych na adres poczty elektronicznej (e-mail):  <br><strong>konkurs-michalowice@sarp.warszawa.pl<\/strong> <br>do dnia: 03.06.2019 r. do godz. 15.00  <br>Odpowiedzi na pytania zostan\u0105 udzielone do dnia 07.06.2019 r. <br><br>Uczestnicy Konkursu zakwalifikowani do Etapu II konkursu mog\u0105 sk\u0142ada\u0107 pytania o wyja\u015bnienie tre\u015bci Regulaminu dotycz\u0105ce opracowania i sk\u0142adania prac konkursowych na adres poczty elektronicznej (e-mail):  <br><strong>konkurs-michalowice@sarp.warszawa.pl<\/strong>  <br>do dnia 22.07.2019r. do godz. 15.00.  <br>Odpowiedzi na pytania zostan\u0105 udzielone do dnia 26.07.2018r.<\/p>\n\n\n\n<p><\/p>\n\n\n\n<p><\/p>\n\n\n\n<p> <\/p>\n\n\n\n<p><strong>2019.05.07 <br>PYTANIE 1<\/strong><br>Bardzo prosz\u0119 o informacje, kt\u00f3ry formularz wniosku o dopuszczenie do udzia\u0142u w konkursie powinien by\u0107 wype\u0142niony je\u015bli chcieliby\u015bmy przyst\u0105pi\u0107 do konkursu jako firma tj. sp. z o.o. Czy b\u0119dzie to \u201eZalacznik_do_Regulaminu_nr_1\u201d wariant dla \u201eUczestnik konkursu samodzielnie bior\u0105cy udzia\u0142 w konkursie\u201d? <br><strong>ODPOWIED\u0179:<\/strong><br>Jako Uczestnik samodzielnie bior\u0105cy udzia\u0142 w Konkursie wype\u0142niaj\u0105 Pa\u0144stwo Za\u0142\u0105cznik nr 1 do Regulaminu oraz  Za\u0142\u0105czniki o kt\u00f3rych mowa w Rozdziale 3 pkt 3.1. Regulaminu Konkursu.<br><br><strong>PYTANIE 2<\/strong><br>Prosz\u0119 o wyja\u015bnienie jak wype\u0142ni\u0107 we wniosku o dopuszczenie do udzia\u0142u w konkursie punkty 7 i 8 o\u015bwiadcze\u0144. Czy w pkcie 7 mam wpisa\u0107 kwot\u0119 z regulaminu rozdz. II pkt. 5 *1,23 (powi\u0119kszon\u0105 o vat), a w pkcie 8 kwota z punktu 7*5% (zgodnie z zapisami regulaminu rozdz. II pkt. 6)? <br><strong>ODPOWIED\u0179:<\/strong> <br>W punkcie 7 Wniosku o dopuszczenie powinni Pa\u0144stwo wpisa\u0107 kwot\u0119 podan\u0105 w Regulaminie Konkursu Rozdzia\u0142 II pkt 5 powi\u0119kszon\u0105 o nale\u017cny podatek VAT. W punkcie 8 Wniosku o dopuszczenie powinni Pa\u0144stwo wpisa\u0107 kwot\u0119 stanowi\u0105c\u0105 maksymalnie 5% planowanego kosztu realizacji Inwestycji o kt\u00f3rym mowa w pkt 5 Rozdzia\u0142u II Regulaminu Konkursu powi\u0119kszon\u0105 o nale\u017cny podatek VAT. <br><br><strong>PYTANIE 3<\/strong> <br>Za\u0142\u0105czniki od 1-9 to jakie\u015b pomy\u0142kowe pliki konkursu w Bia\u0142ej Podlaskiej czy jako\u015b tak&#8230;.. pro\u015bba o zamieszczenie w materia\u0142ach KONKURSU MICHA\u0141OWICE prawid\u0142owych za\u0142\u0105cznik\u00f3w bez kt\u00f3rych nie mo\u017cna dokona\u0107 zg\u0142oszenia do udzia\u0142u w konkursie <br><strong>ODPOWIED\u0179:<\/strong> <br>Po sprawdzeniu zawarto\u015bci Za\u0142\u0105cznik\u00f3w do Regulaminu Konkursu na stronie internetowej Konkursu tj.: https:\/\/konkurs-michalowice.sarp.warszawa.pl (zak\u0142adka \u201eRegulamin\u201d) stwierdzono poprawno\u015b\u0107 zamieszczonych tam plik\u00f3w. Potwierdza to r\u00f3wnie\u017c fakt, i\u017c wp\u0142ywaj\u0105 ju\u017c wnioski o dopuszczenie. <br><br><strong>PYTANIE 4<\/strong><br>Czy deklaracja wykonania projekt\u00f3w budowlanych bran\u017cowych jest konieczna na etapie zg\u0142oszenia Pracowni Projektowej do udzia\u0142u w konkursie &#8211; czy to tylko zapowiedz przysz\u0142ych wymog\u00f3w ? <br><strong>ODPOWIED\u0179:<\/strong><br>Na etapie zg\u0142oszenia nie ma konieczno\u015bci deklaracji wykonania projekt\u00f3w budowlanych bran\u017cowych.<\/p>\n\n\n\n<p><a href=\"https:\/\/konkurs-michalowice.sarp.warszawa.pl\/wp-content\/uploads\/2019\/05\/Wyjasnienie-1_tresci_Regualminu_Konkurs_Micha\u0142owice.pdf\" target=\"_blank\" rel=\"noreferrer noopener\" aria-label=\"Wyja\u015bnienie tre\u015bci regulaminu Konkursu (otwiera si\u0119 na nowej zak\u0142adce)\">Wyja\u015bnienie tre\u015bci regulaminu Konkursu<\/a><\/p>\n","protected":false},"excerpt":{"rendered":"<p>Pytania o wyja\u015bnienie tre\u015bci Regulaminu dotycz\u0105ce sk\u0142adania wniosk\u00f3w o dopuszczenie do udzia\u0142u w Konkursie mo\u017cna przesy\u0142a\u0107 na adres poczty elektronicznej (e-mail): konkurs-michalowice@sarp.warszawa.pl do dnia: 30.04.2019 r. do godz. 15.00 Odpowiedzi na pytania zostan\u0105 udzielone nie p\u00f3\u017aniej ni\u017c do dnia 07.05.2019<span class=\"ellipsis\">&hellip;<\/span><\/p>\n<div class=\"read-more\"><a href=\"https:\/\/konkurs-michalowice.sarp.warszawa.pl\/index.php\/pytania-i-odpowiedzi-2\/\">Czytaj wi\u0119cej <span class=\"screen-reader-text\">Pytania i odpowiedzi<\/span><span class=\"meta-nav\"> &#8250;<\/span><\/a><\/div>\n<p><!-- end of .read-more --><\/p>\n","protected":false},"author":1,"featured_media":0,"parent":0,"menu_order":0,"comment_status":"closed","ping_status":"closed","template":"","meta":[],"_links":{"self":[{"href":"https:\/\/konkurs-michalowice.sarp.warszawa.pl\/index.php\/wp-json\/wp\/v2\/pages\/112"}],"collection":[{"href":"https:\/\/konkurs-michalowice.sarp.warszawa.pl\/index.php\/wp-json\/wp\/v2\/pages"}],"about":[{"href":"https:\/\/konkurs-michalowice.sarp.warszawa.pl\/index.php\/wp-json\/wp\/v2\/types\/page"}],"author":[{"embeddable":true,"href":"https:\/\/konkurs-michalowice.sarp.warszawa.pl\/index.php\/wp-json\/wp\/v2\/users\/1"}],"replies":[{"embeddable":true,"href":"https:\/\/konkurs-michalowice.sarp.warszawa.pl\/index.php\/wp-json\/wp\/v2\/comments?post=112"}],"version-history":[{"count":15,"href":"https:\/\/konkurs-michalowice.sarp.warszawa.pl\/index.php\/wp-json\/wp\/v2\/pages\/112\/revisions"}],"predecessor-version":[{"id":162,"href":"https:\/\/konkurs-michalowice.sarp.warszawa.pl\/index.php\/wp-json\/wp\/v2\/pages\/112\/revisions\/162"}],"wp:attachment":[{"href":"https:\/\/konkurs-michalowice.sarp.warszawa.pl\/index.php\/wp-json\/wp\/v2\/media?parent=112"}],"curies":[{"name":"wp","href":"https:\/\/api.w.org\/{rel}","templated":true}]}}